{"id":10,"date":"2017-03-27T19:32:15","date_gmt":"2017-03-27T17:32:15","guid":{"rendered":"http:\/\/eduihm.afihm.org\/?page_id=10"},"modified":"2026-01-05T16:38:48","modified_gmt":"2026-01-05T15:38:48","slug":"accueil","status":"publish","type":"page","link":"https:\/\/eduihm.afihm.org\/","title":{"rendered":"Accueil"},"content":{"rendered":"<h1>GT Apprentissage et \u00c9ducation<\/h1>\n<hr \/>\n<p style=\"text-align: justify; width: 95%;\">Le Groupe de Travail (GT) <strong>Apprentissage et Education<\/strong> fait partie du <a href=\"https:\/\/gdr-ihm.cnrs.fr\/\" target=\"_blank\" rel=\"noopener noreferrer\">Groupement de Recherche sur les Interactions Humain-Machine HM (GDR IHM)<\/a>. Il fait suite au\u00a0GT IHM pour l&rsquo;\u00c9ducation (EduIHM), co-lab\u00e9lis\u00e9 par l\u2019AFIHM et l\u2019ATIEF.<\/p>\n<p style=\"text-align: justify; width: 95%;\">Le GT vise \u00e0 constituer une <strong>communaut\u00e9 transdisciplinaire<\/strong> (Informatique, sciences de l\u2019\u00e9ducation, psychologie, ergonomie, sciences de l&rsquo;information et de la communication\u2026) et trans-communaut\u00e9s (IHM, EIAH, RV&#8230;) autour des questions de la <strong>conception et de l\u2019\u00e9valuation de dispositifs interactifs pour l\u2019\u00e9ducation et la formation<\/strong>. Ce GT r\u00e9unit les chercheurs, ing\u00e9nieurs, designers et praticiens qui se penchent sur ces questions communes, profitant et partageant ainsi leurs comp\u00e9tences, expertises, et savoirs respectifs.<\/p>\n<p style=\"text-align: justify; width: 95%;\">Nous nous int\u00e9ressons \u00e0 <strong>tous types d&rsquo;IHM innovantes<\/strong> comme la R\u00e9alit\u00e9 Mixte, R\u00e9alit\u00e9 Augment\u00e9e, R\u00e9alit\u00e9 Virtuelle, objet tangible, table interactive, interface ludifi\u00e9e, interface adaptatives&#8230; Voici quelques exemples.<\/p>\n<div id='gallery-1' class='gallery galleryid-10 gallery-columns-3 gallery-size-thumbnail'><figure class='gallery-item'>\n\t\t\t<div class='gallery-icon landscape'>\n\t\t\t\t<a href='https:\/\/eduihm.afihm.org\/index.php\/2025\/02\/13\/eiah-2025\/virt3r\/'><img loading=\"lazy\" decoding=\"async\" width=\"150\" height=\"150\" src=\"https:\/\/eduihm.afihm.org\/wp-content\/uploads\/2025\/02\/Virt3R-150x150.jpg\" class=\"attachment-thumbnail size-thumbnail\" alt=\"\" aria-describedby=\"gallery-1-732\" srcset=\"https:\/\/eduihm.afihm.org\/wp-content\/uploads\/2025\/02\/Virt3R-150x150.jpg 150w, https:\/\/eduihm.afihm.org\/wp-content\/uploads\/2025\/02\/Virt3R-75x75.jpg 75w, https:\/\/eduihm.afihm.org\/wp-content\/uploads\/2025\/02\/Virt3R-45x45.jpg 45w\" sizes=\"auto, (max-width: 150px) 100vw, 150px\" \/><\/a>\n\t\t\t<\/div>\n\t\t\t\t<figcaption class='wp-caption-text gallery-caption' id='gallery-1-732'>\n\t\t\t\tVirtual3R : Plateforme virtuelle pour l&rsquo;exp\u00e9rimentation animale\n\n\t\t\t\t<\/figcaption><\/figure><figure class='gallery-item'>\n\t\t\t<div class='gallery-icon landscape'>\n\t\t\t\t<a href='https:\/\/eduihm.afihm.org\/index.php\/2025\/02\/13\/eiah-2025\/hobit-teaser\/'><img loading=\"lazy\" decoding=\"async\" width=\"150\" height=\"150\" src=\"https:\/\/eduihm.afihm.org\/wp-content\/uploads\/2025\/02\/hobit-teaser-150x150.png\" class=\"attachment-thumbnail size-thumbnail\" alt=\"\" aria-describedby=\"gallery-1-722\" srcset=\"https:\/\/eduihm.afihm.org\/wp-content\/uploads\/2025\/02\/hobit-teaser-150x150.png 150w, https:\/\/eduihm.afihm.org\/wp-content\/uploads\/2025\/02\/hobit-teaser-75x75.png 75w, https:\/\/eduihm.afihm.org\/wp-content\/uploads\/2025\/02\/hobit-teaser-45x45.png 45w\" sizes=\"auto, (max-width: 150px) 100vw, 150px\" \/><\/a>\n\t\t\t<\/div>\n\t\t\t\t<figcaption class='wp-caption-text gallery-caption' id='gallery-1-722'>\n\t\t\t\tHOBIT : simulation d&rsquo;exp\u00e9riences en optique en r\u00e9alit\u00e9 augment\u00e9e\n\t\t\t\t<\/figcaption><\/figure><figure class='gallery-item'>\n\t\t\t<div class='gallery-icon portrait'>\n\t\t\t\t<a href='https:\/\/eduihm.afihm.org\/ludimoodle\/'><img loading=\"lazy\" decoding=\"async\" width=\"150\" height=\"150\" src=\"https:\/\/eduihm.afihm.org\/wp-content\/uploads\/2025\/02\/LudiMoodle-150x150.png\" class=\"attachment-thumbnail size-thumbnail\" alt=\"\" aria-describedby=\"gallery-1-758\" srcset=\"https:\/\/eduihm.afihm.org\/wp-content\/uploads\/2025\/02\/LudiMoodle-150x150.png 150w, https:\/\/eduihm.afihm.org\/wp-content\/uploads\/2025\/02\/LudiMoodle-75x75.png 75w, https:\/\/eduihm.afihm.org\/wp-content\/uploads\/2025\/02\/LudiMoodle-45x45.png 45w\" sizes=\"auto, (max-width: 150px) 100vw, 150px\" \/><\/a>\n\t\t\t<\/div>\n\t\t\t\t<figcaption class='wp-caption-text gallery-caption' id='gallery-1-758'>\n\t\t\t\tLudification adaptative pour l\u2019apprentissage des math\u00e9matiques\n\t\t\t\t<\/figcaption><\/figure>\n\t\t<\/div>\n\n<h2><\/h2>\n<h2>Activit\u00e9s<\/h2>\n<p>Nous <a href=\"https:\/\/eduihm.afihm.org\/index.php\/activites\/\">organisons des activit\u00e9s<\/a>, tout au long de l&rsquo;ann\u00e9e :<\/p>\n<ul>\n<li>ateliers lors de conf\u00e9rences scientifiques avec publications d&rsquo;actes<\/li>\n<li>webinaires<\/li>\n<li>demi-journ\u00e9e d&rsquo;animations et d\u00e9monstrations<\/li>\n<li>&#8230; toutes autres id\u00e9es qui vous donnent envie si vous aidez pour l&rsquo;organisation \ud83d\ude09<\/li>\n<\/ul>\n<h2><\/h2>\n<h2>Informations et inscriptions<\/h2>\n<p>L&rsquo;inscription au GT se fait\u00a0via la plateforme\u00a0<a href=\"https:\/\/mygdr.hosted.lip6.fr\/\">myGDR<\/a>\u00a0&gt; GDR IHM &gt;\u00a0GT Apprentissage_education. Une fois inscrit, vous recevrez des mails pour vous mettre au courant de nos actions. Pas de spam, c&rsquo;est promis !<\/p>\n<p>Nous avons aussi mis en place un <a href=\"https:\/\/discord.gg\/hVxkhJ4Q\" target=\"_blank\" rel=\"noopener noreferrer\">serveur Discord<\/a>.<\/p>\n<div style=\"text-align: justify;\">\n<h2><\/h2>\n<h2>Objectifs<\/h2>\n<\/div>\n<p>Ce GT vise \u00e0 enrichir notre compr\u00e9hension des processus d\u2019apprentissage humain et \u00e0 am\u00e9liorer notre mani\u00e8re de concevoir, de d\u00e9ployer, d\u2019\u00e9tudier et\/ou \u00e9valuer les environnements \u00e9ducatifs et les technologies\u00a0soutenant non seulement ces apprentissages, mais \u00e9galement les processus sous-jacents. La r\u00e9flexivit\u00e9\u00a0sur les apprentissages, la motivation, l\u2019engagement ou encore les \u00e9motions sont autant de processus\u00a0m\u00e9tacognitifs \u00e0 renforcer afin d\u2019ancrer les apprentissages dans la dur\u00e9e.<\/p>\n<p>De nouveaux environnements sont propos\u00e9s, explorant diff\u00e9rents paradigmes et modalit\u00e9s\u00a0d\u2019interaction pour des apprentissages en tout temps, en tout lieu et tout au long de la vie :\u00a0dispositifs collaboratifs, mobiles, pervasifs, immersifs, tangibles, hybrides. Ces nouvelles\u00a0modalit\u00e9s d\u2019interaction constituent autant d\u2019opportunit\u00e9s susceptibles de renouveler la\u00a0mani\u00e8re d\u2019apprendre et d\u2019enseigner.<\/p>\n<p>La conception de ces environnements et leur \u00e9valuation dans des contextes \u00e9ducatifs\u00a0vari\u00e9s, situ\u00e9s et souvent complexes, allant de la formation initiale \u00e0 de la formation\u00a0professionnelle en passant par la formation informelle, soul\u00e8vent des d\u00e9fis majeurs. Ainsi,\u00a0l\u2019\u00e9valuation ne concerne pas seulement l\u2019atteinte des objectifs p\u00e9dagogiques d\u00e9finis lors de\u00a0la conception, mais \u00e9galement la qualit\u00e9 de l\u2019exp\u00e9rience d\u2019apprentissage, la promotion du\u00a0bien-\u00eatre et l\u2019inclusivit\u00e9. Sur le plan soci\u00e9tal, nous pouvons mettre en avant le besoin\u00a0d\u2019\u00e9tudes des effets de ces technologies sur le bien-\u00eatre et la sant\u00e9 mentale et physique des\u00a0\u00e9tudiants, afin notamment de proposer des pratiques d\u2019utilisation saine et inclusive. Par\u00a0ailleurs, avec l\u2019int\u00e9gration progressive de l\u2019intelligence artificielle dans ces environnements, il\u00a0devient crucial de tenir compte de principes \u00e9thiques et environnementaux, de leur\u00a0conception \u00e0 leurs usages.<\/p>\n<h2><\/h2>\n<h2>Axes<\/h2>\n<p>Ce GT explore diff\u00e9rents\u00a0environnements num\u00e9riques (p.ex. Immersif) ainsi que modalit\u00e9s d&rsquo;interaction et leur influence sur la\u00a0mani\u00e8re d&rsquo;apprendre et d&rsquo;enseigner dans des contextes \u00e9ducatifs vari\u00e9s, situ\u00e9s et souvent complexes, allant de la formation initiale \u00e0 de la formation professionnelle en passant par la formation informelle. Ce\u00a0GT adresse en particulier le d\u00e9fi prioritaire &laquo;&nbsp;Technologie au service de l&rsquo;humain&nbsp;&raquo; et se concentre sur trois\u00a0axes principaux :<\/p>\n<p><strong>1. Faciliter la conception et l\u2019\u00e9valuation de technologies \u00e9ducatives<\/strong> qui favorisent l\u2019apprentissage, la qualit\u00e9 de l\u2019exp\u00e9rience, la promotion du bien-\u00eatre et l\u2019inclusivit\u00e9. Ceci n\u00e9cessite de d\u00e9velopper des th\u00e9ories et des m\u00e9thodes pour guider l&rsquo;\u00e9laboration de technologies innovantes et soutenir les\u00a0processus d\u2019apprentissage et les processus sous-jacents.<\/p>\n<p><img loading=\"lazy\" decoding=\"async\" class=\"aligncenter size-full wp-image-865\" src=\"http:\/\/eduihm.afihm.org\/wp-content\/uploads\/2017\/03\/edu-ihm-1.png\" alt=\"conception et l\u2019\u00e9valuation d'IHM\" width=\"2000\" height=\"1779\" srcset=\"https:\/\/eduihm.afihm.org\/wp-content\/uploads\/2017\/03\/edu-ihm-1.png 2000w, https:\/\/eduihm.afihm.org\/wp-content\/uploads\/2017\/03\/edu-ihm-1-300x267.png 300w, https:\/\/eduihm.afihm.org\/wp-content\/uploads\/2017\/03\/edu-ihm-1-768x683.png 768w, https:\/\/eduihm.afihm.org\/wp-content\/uploads\/2017\/03\/edu-ihm-1-1024x911.png 1024w, https:\/\/eduihm.afihm.org\/wp-content\/uploads\/2017\/03\/edu-ihm-1-1080x961.png 1080w\" sizes=\"auto, (max-width: 2000px) 100vw, 2000px\" \/><\/p>\n<p><strong>2. S\u2019adapter \u00e0 la complexit\u00e9 des environnements \u00e9ducatifs<\/strong> pour faire face \u00e0 la diversit\u00e9 des technologies, \u00e0 l\u2019hybridation des environnements physiques et num\u00e9riques, et \u00e0 leur caract\u00e8re\u00a0dynamique, \u00e0 l\u2019int\u00e9gration de l\u2019intelligence artificielle dans ces environnements.<\/p>\n<p><img loading=\"lazy\" decoding=\"async\" class=\"aligncenter size-full wp-image-869\" src=\"http:\/\/eduihm.afihm.org\/wp-content\/uploads\/2017\/03\/edu-ihm-2.png\" alt=\"IHM adaptatif\" width=\"2000\" height=\"1779\" srcset=\"https:\/\/eduihm.afihm.org\/wp-content\/uploads\/2017\/03\/edu-ihm-2.png 2000w, https:\/\/eduihm.afihm.org\/wp-content\/uploads\/2017\/03\/edu-ihm-2-300x267.png 300w, https:\/\/eduihm.afihm.org\/wp-content\/uploads\/2017\/03\/edu-ihm-2-768x683.png 768w, https:\/\/eduihm.afihm.org\/wp-content\/uploads\/2017\/03\/edu-ihm-2-1024x911.png 1024w, https:\/\/eduihm.afihm.org\/wp-content\/uploads\/2017\/03\/edu-ihm-2-1080x961.png 1080w\" sizes=\"auto, (max-width: 2000px) 100vw, 2000px\" \/><\/p>\n<p><strong>3. Mod\u00e9liser les utilisateurs<\/strong> pour prendre en compte leur diversit\u00e9 (\u00e2ge, niveau scolaire) dans les interactions entre apprenants, enseignants et formateurs.<\/p>\n<p><img loading=\"lazy\" decoding=\"async\" class=\"aligncenter size-full wp-image-870\" src=\"http:\/\/eduihm.afihm.org\/wp-content\/uploads\/2017\/03\/edu-ihm-3.png\" alt=\"Mod\u00e9liser les utilisateurs d'IHM\" width=\"2000\" height=\"1779\" srcset=\"https:\/\/eduihm.afihm.org\/wp-content\/uploads\/2017\/03\/edu-ihm-3.png 2000w, https:\/\/eduihm.afihm.org\/wp-content\/uploads\/2017\/03\/edu-ihm-3-300x267.png 300w, https:\/\/eduihm.afihm.org\/wp-content\/uploads\/2017\/03\/edu-ihm-3-768x683.png 768w, https:\/\/eduihm.afihm.org\/wp-content\/uploads\/2017\/03\/edu-ihm-3-1024x911.png 1024w, https:\/\/eduihm.afihm.org\/wp-content\/uploads\/2017\/03\/edu-ihm-3-1080x961.png 1080w\" sizes=\"auto, (max-width: 2000px) 100vw, 2000px\" \/><\/p>\n","protected":false},"excerpt":{"rendered":"<p>GT Apprentissage et \u00c9ducation Le Groupe de Travail (GT) Apprentissage et Education fait partie du Groupement de Recherche sur les Interactions Humain-Machine HM (GDR IHM). Il fait suite au\u00a0GT IHM pour l&rsquo;\u00c9ducation (EduIHM), co-lab\u00e9lis\u00e9 par l\u2019AFIHM et l\u2019ATIEF. Le GT vise \u00e0 constituer une communaut\u00e9 transdisciplinaire (Informatique, sciences de l\u2019\u00e9ducation, psychologie, ergonomie, sciences de l&rsquo;information &hellip; <a href=\"https:\/\/eduihm.afihm.org\/\" class=\"more-link\">Lire la suite de <span class=\"screen-reader-text\">Accueil<\/span><\/a><\/p>\n","protected":false},"author":1,"featured_media":885,"parent":0,"menu_order":0,"comment_status":"closed","ping_status":"closed","template":"","meta":{"footnotes":""},"class_list":["post-10","page","type-page","status-publish","has-post-thumbnail","hentry"],"_links":{"self":[{"href":"https:\/\/eduihm.afihm.org\/index.php\/wp-json\/wp\/v2\/pages\/10","targetHints":{"allow":["GET"]}}],"collection":[{"href":"https:\/\/eduihm.afihm.org\/index.php\/wp-json\/wp\/v2\/pages"}],"about":[{"href":"https:\/\/eduihm.afihm.org\/index.php\/wp-json\/wp\/v2\/types\/page"}],"author":[{"embeddable":true,"href":"https:\/\/eduihm.afihm.org\/index.php\/wp-json\/wp\/v2\/users\/1"}],"replies":[{"embeddable":true,"href":"https:\/\/eduihm.afihm.org\/index.php\/wp-json\/wp\/v2\/comments?post=10"}],"version-history":[{"count":70,"href":"https:\/\/eduihm.afihm.org\/index.php\/wp-json\/wp\/v2\/pages\/10\/revisions"}],"predecessor-version":[{"id":871,"href":"https:\/\/eduihm.afihm.org\/index.php\/wp-json\/wp\/v2\/pages\/10\/revisions\/871"}],"wp:featuredmedia":[{"embeddable":true,"href":"https:\/\/eduihm.afihm.org\/index.php\/wp-json\/wp\/v2\/media\/885"}],"wp:attachment":[{"href":"https:\/\/eduihm.afihm.org\/index.php\/wp-json\/wp\/v2\/media?parent=10"}],"curies":[{"name":"wp","href":"https:\/\/api.w.org\/{rel}","templated":true}]}}